{"id":6384,"date":"2023-09-26T21:06:54","date_gmt":"2023-09-26T19:06:54","guid":{"rendered":"https:\/\/www.optomic.com\/?page_id=6384"},"modified":"2025-01-17T12:39:16","modified_gmt":"2025-01-17T11:39:16","slug":"privacy-policy","status":"publish","type":"page","link":"https:\/\/www.optomic.com\/en\/privacy-policy\/","title":{"rendered":"Privacy policy"},"content":{"rendered":"\n<div style=\"height:50px\" aria-hidden=\"true\" class=\"wp-block-spacer\"><\/div>\n\n\n\n<figure class=\"wp-block-table\"><table><tbody><tr><td class=\"has-text-align-left\" data-align=\"left\" colspan=\"2\"><strong>Identidad del Responsable del Tratamiento<\/strong><\/td><\/tr><tr><td class=\"has-text-align-left\" data-align=\"left\">Identidad<\/td><td class=\"has-text-align-left\" data-align=\"left\">OPTOMIC ESPA\u00d1A SA &#8211; CIF: A81519423<\/td><\/tr><tr><td class=\"has-text-align-left\" data-align=\"left\">Dir. Postal<\/td><td class=\"has-text-align-left\" data-align=\"left\">C\/ Madro\u00f1o 4 &#8211; 28770 &#8211; Colmenar Viejo &#8211; MADRID &#8211; ESPA\u00d1A<\/td><\/tr><tr><td class=\"has-text-align-left\" data-align=\"left\">Tel\u00e9fono<\/td><td class=\"has-text-align-left\" data-align=\"left\">918044444<\/td><\/tr><tr><td class=\"has-text-align-left\" data-align=\"left\">E-Mail<\/td><td class=\"has-text-align-left\" data-align=\"left\"><a href=\"mailto:contact@optomic.com\">contact@optomic.com<\/a><\/td><\/tr><tr><td class=\"has-text-align-left\" data-align=\"left\" colspan=\"2\"><strong>Datos de contacto del delegado en protecci\u00f3n de datos<\/strong><\/td><\/tr><tr><td class=\"has-text-align-left\" data-align=\"left\" colspan=\"2\">NETConseil SL B86922473 Blas Cabrera 23 Alcal\u00e1 de Henares 28806 918824112 <a href=\"mailto:legal@netconseil.es\">legal@netconseil.es<\/a><\/td><\/tr><\/tbody><\/table><\/figure>\n\n\n\n<figure class=\"wp-block-table\"><table><tbody><tr><td class=\"has-text-align-left\" data-align=\"left\" colspan=\"2\"><strong>Basic information on data protection<\/strong><\/td><\/tr><tr><td class=\"has-text-align-left\" data-align=\"left\">Responsable<\/td><td class=\"has-text-align-left\" data-align=\"left\">OPTOMIC ESPA\u00d1A SA<\/td><\/tr><tr><td class=\"has-text-align-left\" data-align=\"left\">Purpose<\/td><td class=\"has-text-align-left\" data-align=\"left\">We process your data to provide you with the contracted service, to carry out the commercial, administrative and fiscal management of the company, and to send you commercial communications about our products or services.<\/td><\/tr><tr><td class=\"has-text-align-left\" data-align=\"left\">Legitimation<\/td><td class=\"has-text-align-left\" data-align=\"left\">For the performance of a contract, the consent of the data subject, or the legitimate interest of the data controller.<\/td><\/tr><tr><td class=\"has-text-align-left\" data-align=\"left\">Addresses<\/td><td class=\"has-text-align-left\" data-align=\"left\">No data will be disclosed to third parties, unless legally required.<\/td><\/tr><tr><td class=\"has-text-align-left\" data-align=\"left\">Rights<\/td><td class=\"has-text-align-left\" data-align=\"left\">Access, Rectify, Deleted data, and other rights according to the additional information at <a href=\"https:\/\/netconseil.es\/rgpd\/optmc\/rgpd2c.pdf\" target=\"_blank\" rel=\"noreferrer noopener nofollow\">https:\/\/netconseil.es\/rgpd\/optmc\/rgpd2c.pdf<\/a><\/td><\/tr><\/tbody><\/table><\/figure>\n\n\n\n<div style=\"height:50px\" aria-hidden=\"true\" class=\"wp-block-spacer\"><\/div>\n\n\n\n<h4 class=\"wp-block-heading\"><strong>FINALIDADES &#8211; \u00bfCon qu\u00e9 finalidad tratamos sus datos personales?<\/strong><\/h4>\n\n\n\n<p>En cumplimiento de lo dispuesto en el Reglamento Europeo 2016\/679 General de Protecci\u00f3n de Datos, as\u00ed como La Ley Org\u00e1nica 3\/2018, de 5 de diciembre de Protecci\u00f3n de Datos Personales y garant\u00eda de los derechos digitales, le informamos de que en OPTOMIC ESPA\u00d1A SA tratamos los datos personales con las siguientes finalidades:<\/p>\n\n\n\n<ul class=\"wp-block-list\">\n<li>La gesti\u00f3n comercial, administrativa y fiscal de la propia entidad.<\/li>\n\n\n\n<li>El env\u00edo de informaci\u00f3n comercial de nuestros productos y servicios.<\/li>\n\n\n\n<li>La gesti\u00f3n de los procesos de selecci\u00f3n de personal.<\/li>\n\n\n\n<li>Publicar y promocionar los eventos que se realicen en el \u00e1mbito de la actividad de la empresa y profesionales relacionados, tanto en nuestra web como en medios digitales afines.<\/li>\n\n\n\n<li>Videovigilancia y seguridad de las instalaciones.<\/li>\n<\/ul>\n\n\n\n<div style=\"height:50px\" aria-hidden=\"true\" class=\"wp-block-spacer\"><\/div>\n\n\n\n<h4 class=\"wp-block-heading\"><strong>PLAZO DE CONSERVACI\u00d3N &#8211; \u00bfPor cu\u00e1nto tiempo conservaremos sus datos?<\/strong><\/h4>\n\n\n\n<ul class=\"wp-block-list\">\n<li>Los datos proporcionados se conservar\u00e1n mientras se mantenga la relaci\u00f3n, o en su caso, hasta que solicite la cancelaci\u00f3n de estos, ya no sean necesarios para los fines que fueron recabados, o durante el tiempo necesario para cumplir con las obligaciones legales.<\/li>\n\n\n\n<li>La empresa conservar\u00e1 sus datos un m\u00e1ximo de 30 d\u00edas, tras los cuales se eliminar\u00e1n.<\/li>\n<\/ul>\n\n\n\n<div style=\"height:50px\" aria-hidden=\"true\" class=\"wp-block-spacer\"><\/div>\n\n\n\n<h4 class=\"wp-block-heading\"><strong>DECISIONES &#8211; \u00bfSe tomar\u00e1n decisiones automatizadas, perfiles o l\u00f3gicas aplicadas?<\/strong><\/h4>\n\n\n\n<ul class=\"wp-block-list\">\n<li>En OPTOMIC ESPA\u00d1A SA no realizamos estudios ni tomamos decisiones automatizadas con los datos obtenidos, tampoco se realizan perfiles ni se aplican l\u00f3gicas programadas.<\/li>\n<\/ul>\n\n\n\n<div style=\"height:50px\" aria-hidden=\"true\" class=\"wp-block-spacer\"><\/div>\n\n\n\n<h4 class=\"wp-block-heading\"><strong>LEGITIMACI\u00d3N &#8211; \u00bfCu\u00e1l es la legitimaci\u00f3n para el tratamiento de tus datos personales?<\/strong><\/h4>\n\n\n\n<ul class=\"wp-block-list\">\n<li>Ejecuci\u00f3n de un contrato, el tratamiento es necesario para la ejecuci\u00f3n de un contrato en el que el interesado es parte o para la aplicaci\u00f3n a petici\u00f3n de este de medidas precontractuales.<\/li>\n\n\n\n<li>Consentimiento del interesado, la empresa solicitar\u00e1 el consentimiento del interesado antes de la recogida de datos, para ello se utiliza un formulario donde se informa sobre el tratamiento de sus datos, en el caso de la web no es posible continuar con el proceso a menos que el interesado clique y acepte dicho tratamiento.<\/li>\n\n\n\n<li>Inter\u00e9s leg\u00edtimo del Responsable, el tratamiento es necesario para mantener la seguridad, controlar y monitorizar los accesos tanto de visitantes como del personal, para evitar da\u00f1os, intrusiones o accesos ileg\u00edtimos a equipos y recursos de la empresa.<\/li>\n<\/ul>\n\n\n\n<div style=\"height:50px\" aria-hidden=\"true\" class=\"wp-block-spacer\"><\/div>\n\n\n\n<h4 class=\"wp-block-heading\"><strong>DESTINATARIOS &#8211; \u00bfA qu\u00e9 destinatarios se comunicar\u00e1n sus datos personales?<\/strong><\/h4>\n\n\n\n<ul class=\"wp-block-list\">\n<li>Los datos personales no ser\u00e1n cedidos a ning\u00fan tercero, salvo a organismos y autoridades p\u00fablicas (administrativas o judiciales) en aquellos casos en los que una norma legal as\u00ed lo establezca.<\/li>\n<\/ul>\n\n\n\n<div style=\"height:50px\" aria-hidden=\"true\" class=\"wp-block-spacer\"><\/div>\n\n\n\n<h4 class=\"wp-block-heading\"><strong>DERECHOS &#8211; \u00bfQu\u00e9 derechos me asisten y como ejercerlos?<\/strong><\/h4>\n\n\n\n<p>Tiene derecho a obtener confirmaci\u00f3n sobre si en OPTOMIC ESPA\u00d1A SA estamos tratando datos personales que le conciernan o no. Asimismo, tiene derecho a acceder a sus datos personales, as\u00ed como a solicitar la rectificaci\u00f3n de los mismos de ser inexactos o, en su caso, solicitar su supresi\u00f3n cuando, entre otros motivos, los datos ya no sean necesarios para los fines que fueron recogidos, puede oponerse al tratamiento de sus datos y dejaremos de tratarlos, salvo por motivos leg\u00edtimos o el ejercicio o la defensa de posibles reclamaciones, puede ejercer el derecho a la portabilidad de los datos, as\u00ed como retirar los consentimientos facilitados en cualquier momento, sin que ello afecte a la licitud del tratamiento basado en el consentimiento previo a su retirada.<\/p>\n\n\n\n<p>Si desea ejercer cualquiera de sus derechos puede dirigirse a nosotros enviando una comunicaci\u00f3n escrita a la direcci\u00f3n de correo electr\u00f3nico <a href=\"mailto:contact@optomic.com\">contact@optomic.com, <\/a>o bien a nuestra direcci\u00f3n OPTOMIC ESPA\u00d1A SA, C\/ Madro\u00f1o 4 &#8211; 28770 &#8211; Colmenar Viejo &#8211; MADRID acompa\u00f1ada de una copia de documento oficial que le identifique (DNI, carnet de conducir o pasaporte).<\/p>\n\n\n\n<p>Adem\u00e1s, puede dirigirse a la Autoridad de Control en materia de Protecci\u00f3n de Datos competente para obtener informaci\u00f3n adicional o presentar una reclamaci\u00f3n, <a href=\"http:\/\/www.aepd.es\/\">https:\/\/www.aepd.es<\/a><\/p>\n\n\n\n<div style=\"height:50px\" aria-hidden=\"true\" class=\"wp-block-spacer\"><\/div>\n","protected":false},"excerpt":{"rendered":"<p>Identidad del Responsable del Tratamiento Identidad OPTOMIC ESPA\u00d1A SA &#8211; CIF: A81519423 Dir. Postal C\/ Madro\u00f1o 4 &#8211; 28770 &#8211; Colmenar Viejo &#8211; MADRID &#8211; ESPA\u00d1A Tel\u00e9fono 918044444 E-Mail contact@optomic.com Datos de contacto del delegado en protecci\u00f3n de datos NETConseil SL B86922473 Blas Cabrera 23 Alcal\u00e1 de Henares 28806 918824112 legal@netconseil.es Basic information on data protection Responsable OPTOMIC ESPA\u00d1A SA<span class=\"excerpt-hellip\"> [\u2026]<\/span><\/p>\n","protected":false},"author":1,"featured_media":0,"parent":0,"menu_order":0,"comment_status":"closed","ping_status":"closed","template":"","meta":{"footnotes":""},"class_list":["post-6384","page","type-page","status-publish","hentry"],"yoast_head":"<!-- This site is optimized with the Yoast SEO plugin v27.2 - https:\/\/yoast.com\/product\/yoast-seo-wordpress\/ -->\n<title>Privacy policy - Optomic<\/title>\n<meta name=\"robots\" content=\"index, follow, max-snippet:-1, max-image-preview:large, max-video-preview:-1\" \/>\n<link rel=\"canonical\" href=\"https:\/\/www.optomic.com\/en\/privacy-policy\/\" \/>\n<meta property=\"og:locale\" content=\"en_US\" \/>\n<meta property=\"og:type\" content=\"article\" \/>\n<meta property=\"og:title\" content=\"Privacy policy - Optomic\" \/>\n<meta property=\"og:description\" content=\"Identidad del Responsable del Tratamiento Identidad OPTOMIC ESPA\u00d1A SA &#8211; CIF: A81519423 Dir. Postal C\/ Madro\u00f1o 4 &#8211; 28770 &#8211; Colmenar Viejo &#8211; MADRID &#8211; ESPA\u00d1A Tel\u00e9fono 918044444 E-Mail contact@optomic.com Datos de contacto del delegado en protecci\u00f3n de datos NETConseil SL B86922473 Blas Cabrera 23 Alcal\u00e1 de Henares 28806 918824112 legal@netconseil.es Basic information on data protection Responsable OPTOMIC ESPA\u00d1A SA [\u2026]\" \/>\n<meta property=\"og:url\" content=\"https:\/\/www.optomic.com\/en\/privacy-policy\/\" \/>\n<meta property=\"og:site_name\" content=\"Optomic\" \/>\n<meta property=\"article:publisher\" content=\"https:\/\/www.facebook.com\/OptomicWorld\/\" \/>\n<meta property=\"article:modified_time\" content=\"2025-01-17T11:39:16+00:00\" \/>\n<meta name=\"twitter:card\" content=\"summary_large_image\" \/>\n<meta name=\"twitter:site\" content=\"@OptomicES\" \/>\n<meta name=\"twitter:label1\" content=\"Est. reading time\" \/>\n\t<meta name=\"twitter:data1\" content=\"4 minutes\" \/>\n<script type=\"application\/ld+json\" class=\"yoast-schema-graph\">{\"@context\":\"https:\/\/schema.org\",\"@graph\":[{\"@type\":\"WebPage\",\"@id\":\"https:\/\/www.optomic.com\/en\/privacy-policy\/\",\"url\":\"https:\/\/www.optomic.com\/en\/privacy-policy\/\",\"name\":\"Privacy policy - Optomic\",\"isPartOf\":{\"@id\":\"https:\/\/www.optomic.com\/#website\"},\"datePublished\":\"2023-09-26T19:06:54+00:00\",\"dateModified\":\"2025-01-17T11:39:16+00:00\",\"breadcrumb\":{\"@id\":\"https:\/\/www.optomic.com\/en\/privacy-policy\/#breadcrumb\"},\"inLanguage\":\"en-US\",\"potentialAction\":[{\"@type\":\"ReadAction\",\"target\":[\"https:\/\/www.optomic.com\/en\/privacy-policy\/\"]}]},{\"@type\":\"BreadcrumbList\",\"@id\":\"https:\/\/www.optomic.com\/en\/privacy-policy\/#breadcrumb\",\"itemListElement\":[{\"@type\":\"ListItem\",\"position\":1,\"name\":\"Home page\",\"item\":\"https:\/\/www.optomic.com\/en\/\"},{\"@type\":\"ListItem\",\"position\":2,\"name\":\"Privacy policy\"}]},{\"@type\":\"WebSite\",\"@id\":\"https:\/\/www.optomic.com\/#website\",\"url\":\"https:\/\/www.optomic.com\/\",\"name\":\"Optomic\",\"description\":\"Producing quality\",\"publisher\":{\"@id\":\"https:\/\/www.optomic.com\/#organization\"},\"potentialAction\":[{\"@type\":\"SearchAction\",\"target\":{\"@type\":\"EntryPoint\",\"urlTemplate\":\"https:\/\/www.optomic.com\/?s={search_term_string}\"},\"query-input\":{\"@type\":\"PropertyValueSpecification\",\"valueRequired\":true,\"valueName\":\"search_term_string\"}}],\"inLanguage\":\"en-US\"},{\"@type\":\"Organization\",\"@id\":\"https:\/\/www.optomic.com\/#organization\",\"name\":\"OPTOMIC\",\"url\":\"https:\/\/www.optomic.com\/\",\"logo\":{\"@type\":\"ImageObject\",\"inLanguage\":\"en-US\",\"@id\":\"https:\/\/www.optomic.com\/#\/schema\/logo\/image\/\",\"url\":\"https:\/\/www.optomic.com\/wp-content\/uploads\/Loogo_optomic_2015-cuadrado.jpg\",\"contentUrl\":\"https:\/\/www.optomic.com\/wp-content\/uploads\/Loogo_optomic_2015-cuadrado.jpg\",\"width\":2048,\"height\":2048,\"caption\":\"OPTOMIC\"},\"image\":{\"@id\":\"https:\/\/www.optomic.com\/#\/schema\/logo\/image\/\"},\"sameAs\":[\"https:\/\/www.facebook.com\/OptomicWorld\/\",\"https:\/\/x.com\/OptomicES\",\"https:\/\/www.linkedin.com\/company\/optomic\/\",\"https:\/\/www.youtube.com\/channel\/UCu9blYrm-hv1PXor5UUMZ7w\"]}]}<\/script>\n<!-- \/ Yoast SEO plugin. -->","yoast_head_json":{"title":"Privacy policy - Optomic","robots":{"index":"index","follow":"follow","max-snippet":"max-snippet:-1","max-image-preview":"max-image-preview:large","max-video-preview":"max-video-preview:-1"},"canonical":"https:\/\/www.optomic.com\/en\/privacy-policy\/","og_locale":"en_US","og_type":"article","og_title":"Privacy policy - Optomic","og_description":"Identidad del Responsable del Tratamiento Identidad OPTOMIC ESPA\u00d1A SA &#8211; CIF: A81519423 Dir. Postal C\/ Madro\u00f1o 4 &#8211; 28770 &#8211; Colmenar Viejo &#8211; MADRID &#8211; ESPA\u00d1A Tel\u00e9fono 918044444 E-Mail contact@optomic.com Datos de contacto del delegado en protecci\u00f3n de datos NETConseil SL B86922473 Blas Cabrera 23 Alcal\u00e1 de Henares 28806 918824112 legal@netconseil.es Basic information on data protection Responsable OPTOMIC ESPA\u00d1A SA [\u2026]","og_url":"https:\/\/www.optomic.com\/en\/privacy-policy\/","og_site_name":"Optomic","article_publisher":"https:\/\/www.facebook.com\/OptomicWorld\/","article_modified_time":"2025-01-17T11:39:16+00:00","twitter_card":"summary_large_image","twitter_site":"@OptomicES","twitter_misc":{"Est. reading time":"4 minutes"},"schema":{"@context":"https:\/\/schema.org","@graph":[{"@type":"WebPage","@id":"https:\/\/www.optomic.com\/en\/privacy-policy\/","url":"https:\/\/www.optomic.com\/en\/privacy-policy\/","name":"Privacy policy - Optomic","isPartOf":{"@id":"https:\/\/www.optomic.com\/#website"},"datePublished":"2023-09-26T19:06:54+00:00","dateModified":"2025-01-17T11:39:16+00:00","breadcrumb":{"@id":"https:\/\/www.optomic.com\/en\/privacy-policy\/#breadcrumb"},"inLanguage":"en-US","potentialAction":[{"@type":"ReadAction","target":["https:\/\/www.optomic.com\/en\/privacy-policy\/"]}]},{"@type":"BreadcrumbList","@id":"https:\/\/www.optomic.com\/en\/privacy-policy\/#breadcrumb","itemListElement":[{"@type":"ListItem","position":1,"name":"Home page","item":"https:\/\/www.optomic.com\/en\/"},{"@type":"ListItem","position":2,"name":"Privacy policy"}]},{"@type":"WebSite","@id":"https:\/\/www.optomic.com\/#website","url":"https:\/\/www.optomic.com\/","name":"Optomic","description":"Producing quality","publisher":{"@id":"https:\/\/www.optomic.com\/#organization"},"potentialAction":[{"@type":"SearchAction","target":{"@type":"EntryPoint","urlTemplate":"https:\/\/www.optomic.com\/?s={search_term_string}"},"query-input":{"@type":"PropertyValueSpecification","valueRequired":true,"valueName":"search_term_string"}}],"inLanguage":"en-US"},{"@type":"Organization","@id":"https:\/\/www.optomic.com\/#organization","name":"OPTOMIC","url":"https:\/\/www.optomic.com\/","logo":{"@type":"ImageObject","inLanguage":"en-US","@id":"https:\/\/www.optomic.com\/#\/schema\/logo\/image\/","url":"https:\/\/www.optomic.com\/wp-content\/uploads\/Loogo_optomic_2015-cuadrado.jpg","contentUrl":"https:\/\/www.optomic.com\/wp-content\/uploads\/Loogo_optomic_2015-cuadrado.jpg","width":2048,"height":2048,"caption":"OPTOMIC"},"image":{"@id":"https:\/\/www.optomic.com\/#\/schema\/logo\/image\/"},"sameAs":["https:\/\/www.facebook.com\/OptomicWorld\/","https:\/\/x.com\/OptomicES","https:\/\/www.linkedin.com\/company\/optomic\/","https:\/\/www.youtube.com\/channel\/UCu9blYrm-hv1PXor5UUMZ7w"]}]}},"_links":{"self":[{"href":"https:\/\/www.optomic.com\/en\/wp-json\/wp\/v2\/pages\/6384","targetHints":{"allow":["GET"]}}],"collection":[{"href":"https:\/\/www.optomic.com\/en\/wp-json\/wp\/v2\/pages"}],"about":[{"href":"https:\/\/www.optomic.com\/en\/wp-json\/wp\/v2\/types\/page"}],"author":[{"embeddable":true,"href":"https:\/\/www.optomic.com\/en\/wp-json\/wp\/v2\/users\/1"}],"replies":[{"embeddable":true,"href":"https:\/\/www.optomic.com\/en\/wp-json\/wp\/v2\/comments?post=6384"}],"version-history":[{"count":0,"href":"https:\/\/www.optomic.com\/en\/wp-json\/wp\/v2\/pages\/6384\/revisions"}],"wp:attachment":[{"href":"https:\/\/www.optomic.com\/en\/wp-json\/wp\/v2\/media?parent=6384"}],"curies":[{"name":"wp","href":"https:\/\/api.w.org\/{rel}","templated":true}]}}